{"id":25672,"date":"2024-09-19T17:08:00","date_gmt":"2024-09-19T14:08:00","guid":{"rendered":"https:\/\/drebrualemdar.com\/de\/?page_id=25672"},"modified":"2024-10-21T11:24:34","modified_gmt":"2024-10-21T08:24:34","slug":"haartransplantation","status":"publish","type":"page","link":"https:\/\/drebrualemdar.com\/de\/haartransplantation\/","title":{"rendered":"Haartransplantation"},"content":{"rendered":"<div data-elementor-type=\"wp-page\" data-elementor-id=\"25672\" class=\"elementor elementor-25672\" data-elementor-post-type=\"page\">\n\t\t\t\t\t\t<section class=\"elementor-section elementor-top-section elementor-element elementor-element-c3ef900 elementor-section-full_width elementor-section-stretched elementor-section-height-min-height elementor-section-height-default elementor-section-items-middle wpr-particle-no wpr-jarallax-no wpr-parallax-no wpr-sticky-section-no\" data-id=\"c3ef900\" data-element_type=\"section\" data-settings=\"{&quot;background_background&quot;:&quot;classic&quot;,&quot;stretch_section&quot;:&quot;section-stretched&quot;}\">\n\t\t\t\t\t\t<div class=\"elementor-container elementor-column-gap-default\">\n\t\t\t\t\t<div class=\"elementor-column elementor-col-50 elementor-top-column elementor-element elementor-element-f174b0f\" data-id=\"f174b0f\" data-element_type=\"column\">\n\t\t\t<div class=\"elementor-widget-wrap elementor-element-populated\">\n\t\t\t\t\t\t<div class=\"elementor-element elementor-element-66037ed elementor-widget__width-auto elementor-widget-mobile__width-inherit elementor-widget elementor-widget-heading\" data-id=\"66037ed\" data-element_type=\"widget\" data-widget_type=\"heading.default\">\n\t\t\t\t<div class=\"elementor-widget-container\">\n\t\t\t<style>\/*! elementor - v3.20.0 - 20-03-2024 *\/\n.elementor-heading-title{padding:0;margin:0;line-height:1}.elementor-widget-heading .elementor-heading-title[class*=elementor-size-]>a{color:inherit;font-size:inherit;line-height:inherit}.elementor-widget-heading .elementor-heading-title.elementor-size-small{font-size:15px}.elementor-widget-heading .elementor-heading-title.elementor-size-medium{font-size:19px}.elementor-widget-heading .elementor-heading-title.elementor-size-large{font-size:29px}.elementor-widget-heading .elementor-heading-title.elementor-size-xl{font-size:39px}.elementor-widget-heading .elementor-heading-title.elementor-size-xxl{font-size:59px}<\/style><div class=\"elementor-heading-title elementor-size-default\"><div class=\"aioseo-breadcrumbs\"><span class=\"aioseo-breadcrumb\">\n\tAnasayfa\n<\/span><\/div><\/div>\t\t<\/div>\n\t\t\t\t<\/div>\n\t\t\t\t<div class=\"elementor-element elementor-element-fb7e094 elementor-widget elementor-widget-spacer\" data-id=\"fb7e094\" data-element_type=\"widget\" data-widget_type=\"spacer.default\">\n\t\t\t\t<div class=\"elementor-widget-container\">\n\t\t\t<style>\/*! elementor - v3.20.0 - 20-03-2024 *\/\n.elementor-column .elementor-spacer-inner{height:var(--spacer-size)}.e-con{--container-widget-width:100%}.e-con-inner>.elementor-widget-spacer,.e-con>.elementor-widget-spacer{width:var(--container-widget-width,var(--spacer-size));--align-self:var(--container-widget-align-self,initial);--flex-shrink:0}.e-con-inner>.elementor-widget-spacer>.elementor-widget-container,.e-con>.elementor-widget-spacer>.elementor-widget-container{height:100%;width:100%}.e-con-inner>.elementor-widget-spacer>.elementor-widget-container>.elementor-spacer,.e-con>.elementor-widget-spacer>.elementor-widget-container>.elementor-spacer{height:100%}.e-con-inner>.elementor-widget-spacer>.elementor-widget-container>.elementor-spacer>.elementor-spacer-inner,.e-con>.elementor-widget-spacer>.elementor-widget-container>.elementor-spacer>.elementor-spacer-inner{height:var(--container-widget-height,var(--spacer-size))}.e-con-inner>.elementor-widget-spacer.elementor-widget-empty,.e-con>.elementor-widget-spacer.elementor-widget-empty{position:relative;min-height:22px;min-width:22px}.e-con-inner>.elementor-widget-spacer.elementor-widget-empty .elementor-widget-empty-icon,.e-con>.elementor-widget-spacer.elementor-widget-empty .elementor-widget-empty-icon{position:absolute;top:0;bottom:0;left:0;right:0;margin:auto;padding:0;width:22px;height:22px}<\/style>\t\t<div class=\"elementor-spacer\">\n\t\t\t<div class=\"elementor-spacer-inner\"><\/div>\n\t\t<\/div>\n\t\t\t\t<\/div>\n\t\t\t\t<\/div>\n\t\t\t\t<div class=\"elementor-element elementor-element-3973a2a elementor-widget elementor-widget-spacer\" data-id=\"3973a2a\" data-element_type=\"widget\" data-widget_type=\"spacer.default\">\n\t\t\t\t<div class=\"elementor-widget-container\">\n\t\t\t\t\t<div class=\"elementor-spacer\">\n\t\t\t<div class=\"elementor-spacer-inner\"><\/div>\n\t\t<\/div>\n\t\t\t\t<\/div>\n\t\t\t\t<\/div>\n\t\t\t\t<div class=\"elementor-element elementor-element-f17dff8 elementor-widget elementor-widget-text-editor\" data-id=\"f17dff8\" data-element_type=\"widget\" data-widget_type=\"text-editor.default\">\n\t\t\t\t<div class=\"elementor-widget-container\">\n\t\t\t<style>\/*! elementor - v3.20.0 - 20-03-2024 *\/\n.elementor-widget-text-editor.elementor-drop-cap-view-stacked .elementor-drop-cap{background-color:#69727d;color:#fff}.elementor-widget-text-editor.elementor-drop-cap-view-framed .elementor-drop-cap{color:#69727d;border:3px solid;background-color:transparent}.elementor-widget-text-editor:not(.elementor-drop-cap-view-default) .elementor-drop-cap{margin-top:8px}.elementor-widget-text-editor:not(.elementor-drop-cap-view-default) .elementor-drop-cap-letter{width:1em;height:1em}.elementor-widget-text-editor .elementor-drop-cap{float:left;text-align:center;line-height:1;font-size:50px}.elementor-widget-text-editor .elementor-drop-cap-letter{display:inline-block}<\/style>\t\t\t\t<p>Die Haartransplantation ist eine moderne Methode, um das Problem des Haarausfalls zu l\u00f6sen und nat\u00fcrlich aussehendes Haar zu erhalten. Als Klinik bieten wir die f\u00fcr die Bed\u00fcrfnisse jedes Einzelnen am besten geeignete L\u00f6sung an, indem wir die Haartransplantation mit verschiedenen Techniken durchf\u00fchren. Hier sind die am h\u00e4ufigsten verwendeten Haartransplantationstechniken:<\/p>\t\t\t\t\t\t<\/div>\n\t\t\t\t<\/div>\n\t\t\t\t<div class=\"elementor-element elementor-element-b1bae90 elementor-widget elementor-widget-spacer\" data-id=\"b1bae90\" data-element_type=\"widget\" data-widget_type=\"spacer.default\">\n\t\t\t\t<div class=\"elementor-widget-container\">\n\t\t\t\t\t<div class=\"elementor-spacer\">\n\t\t\t<div class=\"elementor-spacer-inner\"><\/div>\n\t\t<\/div>\n\t\t\t\t<\/div>\n\t\t\t\t<\/div>\n\t\t\t\t<div class=\"elementor-element elementor-element-a963e5b elementor-widget elementor-widget-ld_button\" data-id=\"a963e5b\" data-element_type=\"widget\" data-widget_type=\"ld_button.default\">\n\t\t\t\t<div class=\"elementor-widget-container\">\n\t\t\t\n\t\t\t<a\n\t\t\t\thref=\"https:\/\/drebrualemdar.com\/de\/kontakt\/\"class=\"elementor-button btn btn-solid btn-icon-right btn-has-label\"\t\t\t>\n\t\t\t\t\t\t\t\t\t<span data-text=\"Informationen abrufen\" class=\"btn-txt\">\n\t\t\t\t\t\tInformationen abrufen\t\t\t\t\t<\/span>\n\t\t\t\t\t\t\t\t\t\t\t\t\t\t<span class=\"btn-icon\">\n\t\t\t\t\t\t\t<i aria-hidden=\"true\" class=\"lqd-icn-ess icon-ion-ios-arrow-forward\"><\/i>\t\t\t\t\t\t<\/span>\n\t\t\t\t\t\t\t\t\t<\/a>\n\t\t\t\t\t<\/div>\n\t\t\t\t<\/div>\n\t\t\t\t\t<\/div>\n\t\t<\/div>\n\t\t\t\t<div class=\"elementor-column elementor-col-50 elementor-top-column elementor-element elementor-element-eed255e\" data-id=\"eed255e\" data-element_type=\"column\" data-settings=\"{&quot;background_background&quot;:&quot;classic&quot;}\">\n\t\t\t<div class=\"elementor-widget-wrap elementor-element-populated\">\n\t\t\t\t\t\t<div class=\"elementor-element elementor-element-81e9a06 elementor-widget elementor-widget-image\" data-id=\"81e9a06\" data-element_type=\"widget\" data-widget_type=\"image.default\">\n\t\t\t\t<div class=\"elementor-widget-container\">\n\t\t\t<style>\/*! elementor - v3.20.0 - 20-03-2024 *\/\n.elementor-widget-image{text-align:center}.elementor-widget-image a{display:inline-block}.elementor-widget-image a img[src$=\".svg\"]{width:48px}.elementor-widget-image img{vertical-align:middle;display:inline-block}<\/style>\t\t\t\t\t\t\t\t\t\t<img fetchpriority=\"high\" decoding=\"async\" width=\"1200\" height=\"1000\" src=\"https:\/\/drebrualemdar.com\/de\/wp-content\/uploads\/2024\/09\/sac-ekimi-1.jpg\" class=\"attachment-full size-full wp-image-25905\" alt=\"\" srcset=\"https:\/\/drebrualemdar.com\/de\/wp-content\/uploads\/2024\/09\/sac-ekimi-1.jpg 1200w,  https:\/\/drebrualemdar.com\/de\/wp-content\/uploads\/2024\/09\/sac-ekimi-1-300x250.jpg 300w,  https:\/\/drebrualemdar.com\/de\/wp-content\/uploads\/2024\/09\/sac-ekimi-1-1024x853.jpg 1024w\" sizes=\"(max-width: 1200px) 100vw, 1200px\" \/>\t\t\t\t\t\t\t\t\t\t\t\t\t<\/div>\n\t\t\t\t<\/div>\n\t\t\t\t\t<\/div>\n\t\t<\/div>\n\t\t\t\t\t<\/div>\n\t\t<\/section>\n\t\t\t\t<section class=\"elementor-section elementor-top-section elementor-element elementor-element-057e6fb elementor-reverse-mobile elementor-section-boxed elementor-section-height-default elementor-section-height-default wpr-particle-no wpr-jarallax-no wpr-parallax-no wpr-sticky-section-no\" data-id=\"057e6fb\" data-element_type=\"section\" data-settings=\"{&quot;background_background&quot;:&quot;classic&quot;}\">\n\t\t\t\t\t\t<div class=\"elementor-container elementor-column-gap-default\">\n\t\t\t\t\t<div class=\"elementor-column elementor-col-100 elementor-top-column elementor-element elementor-element-31ca7f1\" data-id=\"31ca7f1\" data-element_type=\"column\">\n\t\t\t<div class=\"elementor-widget-wrap elementor-element-populated\">\n\t\t\t\t\t\t<div class=\"elementor-element elementor-element-38932d9 elementor-widget elementor-widget-heading\" data-id=\"38932d9\" data-element_type=\"widget\" data-widget_type=\"heading.default\">\n\t\t\t\t<div class=\"elementor-widget-container\">\n\t\t\t<h2 class=\"elementor-heading-title elementor-size-default\">FUE (Follicular Unit Extraction)<\/h2>\t\t<\/div>\n\t\t\t\t<\/div>\n\t\t\t\t<div class=\"elementor-element elementor-element-2658cbb elementor-widget elementor-widget-spacer\" data-id=\"2658cbb\" data-element_type=\"widget\" data-widget_type=\"spacer.default\">\n\t\t\t\t<div class=\"elementor-widget-container\">\n\t\t\t\t\t<div class=\"elementor-spacer\">\n\t\t\t<div class=\"elementor-spacer-inner\"><\/div>\n\t\t<\/div>\n\t\t\t\t<\/div>\n\t\t\t\t<\/div>\n\t\t\t\t<div class=\"elementor-element elementor-element-804df07 elementor-widget elementor-widget-text-editor\" data-id=\"804df07\" data-element_type=\"widget\" data-widget_type=\"text-editor.default\">\n\t\t\t\t<div class=\"elementor-widget-container\">\n\t\t\t\t\t\t\t<p>Bei dieser Methode werden die Haarfollikel einzeln entnommen und in den Bereich des Haarausfalls verpflanzt. Bei der FUE-Technik werden die Haarfollikel mit Hilfe von mikroskopischen L\u00f6chern aus dem Spenderbereich entnommen und im Zielbereich platziert. Diese Technik ist minimalinvasiv, und die M\u00f6glichkeit der Narbenbildung ist sehr gering.<\/p>\t\t\t\t\t\t<\/div>\n\t\t\t\t<\/div>\n\t\t\t\t<div class=\"elementor-element elementor-element-1390ba8 elementor-widget elementor-widget-spacer\" data-id=\"1390ba8\" data-element_type=\"widget\" data-widget_type=\"spacer.default\">\n\t\t\t\t<div class=\"elementor-widget-container\">\n\t\t\t\t\t<div class=\"elementor-spacer\">\n\t\t\t<div class=\"elementor-spacer-inner\"><\/div>\n\t\t<\/div>\n\t\t\t\t<\/div>\n\t\t\t\t<\/div>\n\t\t\t\t<div class=\"elementor-element elementor-element-256d1b7 elementor-widget elementor-widget-heading\" data-id=\"256d1b7\" data-element_type=\"widget\" data-widget_type=\"heading.default\">\n\t\t\t\t<div class=\"elementor-widget-container\">\n\t\t\t<h2 class=\"elementor-heading-title elementor-size-default\">FUT (Follicular Unit Transplantation)<\/h2>\t\t<\/div>\n\t\t\t\t<\/div>\n\t\t\t\t<div class=\"elementor-element elementor-element-c43208f elementor-widget elementor-widget-spacer\" data-id=\"c43208f\" data-element_type=\"widget\" data-widget_type=\"spacer.default\">\n\t\t\t\t<div class=\"elementor-widget-container\">\n\t\t\t\t\t<div class=\"elementor-spacer\">\n\t\t\t<div class=\"elementor-spacer-inner\"><\/div>\n\t\t<\/div>\n\t\t\t\t<\/div>\n\t\t\t\t<\/div>\n\t\t\t\t<div class=\"elementor-element elementor-element-f987066 elementor-widget elementor-widget-text-editor\" data-id=\"f987066\" data-element_type=\"widget\" data-widget_type=\"text-editor.default\">\n\t\t\t\t<div class=\"elementor-widget-container\">\n\t\t\t\t\t\t\t<p>Bei der FUT-Technik wird ein Streifen der Kopfhaut aus dem Spenderbereich entnommen, die Haarfollikel in diesem Streifen werden abgetrennt und in den kahlen Bereich transplantiert. Bei dieser Methode k\u00f6nnen in der Regel mehr Haarfollikel verpflanzt werden, es kann jedoch eine kleine Narbe zur\u00fcckbleiben.<\/p>\t\t\t\t\t\t<\/div>\n\t\t\t\t<\/div>\n\t\t\t\t<div class=\"elementor-element elementor-element-9f8a965 elementor-widget elementor-widget-spacer\" data-id=\"9f8a965\" data-element_type=\"widget\" data-widget_type=\"spacer.default\">\n\t\t\t\t<div class=\"elementor-widget-container\">\n\t\t\t\t\t<div class=\"elementor-spacer\">\n\t\t\t<div class=\"elementor-spacer-inner\"><\/div>\n\t\t<\/div>\n\t\t\t\t<\/div>\n\t\t\t\t<\/div>\n\t\t\t\t<div class=\"elementor-element elementor-element-e3f1b96 elementor-widget elementor-widget-heading\" data-id=\"e3f1b96\" data-element_type=\"widget\" data-widget_type=\"heading.default\">\n\t\t\t\t<div class=\"elementor-widget-container\">\n\t\t\t<h2 class=\"elementor-heading-title elementor-size-default\">DHI (Direkte Haarimplantation)<\/h2>\t\t<\/div>\n\t\t\t\t<\/div>\n\t\t\t\t<div class=\"elementor-element elementor-element-6652f67 elementor-widget elementor-widget-spacer\" data-id=\"6652f67\" data-element_type=\"widget\" data-widget_type=\"spacer.default\">\n\t\t\t\t<div class=\"elementor-widget-container\">\n\t\t\t\t\t<div class=\"elementor-spacer\">\n\t\t\t<div class=\"elementor-spacer-inner\"><\/div>\n\t\t<\/div>\n\t\t\t\t<\/div>\n\t\t\t\t<\/div>\n\t\t\t\t<div class=\"elementor-element elementor-element-d6875cd elementor-widget elementor-widget-text-editor\" data-id=\"d6875cd\" data-element_type=\"widget\" data-widget_type=\"text-editor.default\">\n\t\t\t\t<div class=\"elementor-widget-container\">\n\t\t\t\t\t\t\t<p>Mit DHI k\u00f6nnen Haarfollikel direkt in das Zielgebiet implantiert werden. Bei dieser Technik werden die Haarfollikel mithilfe eines speziellen Ger\u00e4ts direkt in den kahlen Bereich eingesetzt. Diese Methode ist sehr wirksam, um ein nat\u00fcrliches Aussehen zu erzielen, und der Heilungsprozess verl\u00e4uft in der Regel schnell.<\/p>\t\t\t\t\t\t<\/div>\n\t\t\t\t<\/div>\n\t\t\t\t\t<\/div>\n\t\t<\/div>\n\t\t\t\t\t<\/div>\n\t\t<\/section>\n\t\t\t\t<section class=\"elementor-section elementor-top-section elementor-element elementor-element-49d81c4 elementor-reverse-mobile elementor-section-boxed elementor-section-height-default elementor-section-height-default wpr-particle-no wpr-jarallax-no wpr-parallax-no wpr-sticky-section-no\" data-id=\"49d81c4\" data-element_type=\"section\" data-settings=\"{&quot;background_background&quot;:&quot;classic&quot;}\">\n\t\t\t\t\t\t<div class=\"elementor-container elementor-column-gap-default\">\n\t\t\t\t\t<div class=\"elementor-column elementor-col-100 elementor-top-column elementor-element elementor-element-177cb9c\" data-id=\"177cb9c\" data-element_type=\"column\">\n\t\t\t<div class=\"elementor-widget-wrap elementor-element-populated\">\n\t\t\t\t\t\t<div class=\"elementor-element elementor-element-fd8f494 elementor-widget elementor-widget-heading\" data-id=\"fd8f494\" data-element_type=\"widget\" data-widget_type=\"heading.default\">\n\t\t\t\t<div class=\"elementor-widget-container\">\n\t\t\t<h2 class=\"elementor-heading-title elementor-size-default\">Erstellen Sie Ihren Behandlungsplan!<\/h2>\t\t<\/div>\n\t\t\t\t<\/div>\n\t\t\t\t<div class=\"elementor-element elementor-element-c0e82c7 elementor-widget elementor-widget-heading\" data-id=\"c0e82c7\" data-element_type=\"widget\" data-widget_type=\"heading.default\">\n\t\t\t\t<div class=\"elementor-widget-container\">\n\t\t\t<div class=\"elementor-heading-title elementor-size-default\">Sie k\u00f6nnen mit uns Kontakt aufnehmen, indem Sie das Formular f\u00fcr die Vorabanfrage ausf\u00fcllen.<\/div>\t\t<\/div>\n\t\t\t\t<\/div>\n\t\t\t\t<div class=\"elementor-element elementor-element-637ab51 elementor-widget elementor-widget-spacer\" data-id=\"637ab51\" data-element_type=\"widget\" data-widget_type=\"spacer.default\">\n\t\t\t\t<div class=\"elementor-widget-container\">\n\t\t\t\t\t<div class=\"elementor-spacer\">\n\t\t\t<div class=\"elementor-spacer-inner\"><\/div>\n\t\t<\/div>\n\t\t\t\t<\/div>\n\t\t\t\t<\/div>\n\t\t\t\t<div class=\"elementor-element elementor-element-3d87e23 elementor-align-center elementor-widget elementor-widget-ld_button\" data-id=\"3d87e23\" data-element_type=\"widget\" data-widget_type=\"ld_button.default\">\n\t\t\t\t<div class=\"elementor-widget-container\">\n\t\t\t\n\t\t\t<a\n\t\t\t\thref=\"https:\/\/drebrualemdar.com\/de\/kontakt\/\"class=\"elementor-button btn btn-solid btn-icon-right btn-has-label\"\t\t\t>\n\t\t\t\t\t\t\t\t\t<span data-text=\"Informationen abrufen\" class=\"btn-txt\">\n\t\t\t\t\t\tInformationen abrufen\t\t\t\t\t<\/span>\n\t\t\t\t\t\t\t\t\t\t\t\t\t\t<span class=\"btn-icon\">\n\t\t\t\t\t\t\t<i aria-hidden=\"true\" class=\"lqd-icn-ess icon-ion-ios-arrow-forward\"><\/i>\t\t\t\t\t\t<\/span>\n\t\t\t\t\t\t\t\t\t<\/a>\n\t\t\t\t\t<\/div>\n\t\t\t\t<\/div>\n\t\t\t\t\t<\/div>\n\t\t<\/div>\n\t\t\t\t\t<\/div>\n\t\t<\/section>\n\t\t\t\t<section class=\"elementor-section elementor-top-section elementor-element elementor-element-84b32e1 elementor-section-boxed elementor-section-height-default elementor-section-height-default wpr-particle-no wpr-jarallax-no wpr-parallax-no wpr-sticky-section-no\" data-id=\"84b32e1\" data-element_type=\"section\" data-settings=\"{&quot;background_background&quot;:&quot;classic&quot;}\">\n\t\t\t\t\t\t<div class=\"elementor-container elementor-column-gap-default\">\n\t\t\t\t\t<div class=\"elementor-column elementor-col-50 elementor-top-column elementor-element elementor-element-49b2339\" data-id=\"49b2339\" data-element_type=\"column\">\n\t\t\t<div class=\"elementor-widget-wrap elementor-element-populated\">\n\t\t\t\t\t\t<div class=\"elementor-element elementor-element-f9f9362 elementor-widget elementor-widget-image\" data-id=\"f9f9362\" data-element_type=\"widget\" data-widget_type=\"image.default\">\n\t\t\t\t<div class=\"elementor-widget-container\">\n\t\t\t\t\t\t\t\t\t\t\t\t\t<img decoding=\"async\" width=\"1024\" height=\"1245\" src=\"https:\/\/drebrualemdar.com\/de\/wp-content\/uploads\/2024\/09\/sac-ekimi-2.jpg\" class=\"attachment-full size-full wp-image-25906\" alt=\"\" srcset=\"https:\/\/drebrualemdar.com\/de\/wp-content\/uploads\/2024\/09\/sac-ekimi-2.jpg 1024w,  https:\/\/drebrualemdar.com\/de\/wp-content\/uploads\/2024\/09\/sac-ekimi-2-247x300.jpg 247w,  https:\/\/drebrualemdar.com\/de\/wp-content\/uploads\/2024\/09\/sac-ekimi-2-842x1024.jpg 842w\" sizes=\"(max-width: 1024px) 100vw, 1024px\" \/>\t\t\t\t\t\t\t\t\t\t\t\t\t<\/div>\n\t\t\t\t<\/div>\n\t\t\t\t\t<\/div>\n\t\t<\/div>\n\t\t\t\t<div class=\"elementor-column elementor-col-50 elementor-top-column elementor-element elementor-element-7ac02dc\" data-id=\"7ac02dc\" data-element_type=\"column\">\n\t\t\t<div class=\"elementor-widget-wrap elementor-element-populated\">\n\t\t\t\t\t\t<div class=\"elementor-element elementor-element-197bcf4 elementor-widget elementor-widget-heading\" data-id=\"197bcf4\" data-element_type=\"widget\" data-widget_type=\"heading.default\">\n\t\t\t\t<div class=\"elementor-widget-container\">\n\t\t\t<h2 class=\"elementor-heading-title elementor-size-default\">Sapphire FUE<\/h2>\t\t<\/div>\n\t\t\t\t<\/div>\n\t\t\t\t<div class=\"elementor-element elementor-element-48b4ad5 elementor-widget elementor-widget-spacer\" data-id=\"48b4ad5\" data-element_type=\"widget\" data-widget_type=\"spacer.default\">\n\t\t\t\t<div class=\"elementor-widget-container\">\n\t\t\t\t\t<div class=\"elementor-spacer\">\n\t\t\t<div class=\"elementor-spacer-inner\"><\/div>\n\t\t<\/div>\n\t\t\t\t<\/div>\n\t\t\t\t<\/div>\n\t\t\t\t<div class=\"elementor-element elementor-element-1163283 elementor-widget elementor-widget-text-editor\" data-id=\"1163283\" data-element_type=\"widget\" data-widget_type=\"text-editor.default\">\n\t\t\t\t<div class=\"elementor-widget-container\">\n\t\t\t\t\t\t\t<p>Sapphire FUE ist eine Variante der Standard-FUE-Technik. Die bei der Transplantation der Haarfollikel verwendeten Klingen sind aus Saphir. Mit diesen Klingen k\u00f6nnen feinere und pr\u00e4zisere Schnitte gemacht werden, wodurch der Heilungsprozess beschleunigt wird und ein nat\u00fcrlicheres Ergebnis erzielt wird.<\/p>\t\t\t\t\t\t<\/div>\n\t\t\t\t<\/div>\n\t\t\t\t<div class=\"elementor-element elementor-element-0669410 elementor-widget elementor-widget-spacer\" data-id=\"0669410\" data-element_type=\"widget\" data-widget_type=\"spacer.default\">\n\t\t\t\t<div class=\"elementor-widget-container\">\n\t\t\t\t\t<div class=\"elementor-spacer\">\n\t\t\t<div class=\"elementor-spacer-inner\"><\/div>\n\t\t<\/div>\n\t\t\t\t<\/div>\n\t\t\t\t<\/div>\n\t\t\t\t<div class=\"elementor-element elementor-element-8f73a4e elementor-widget elementor-widget-heading\" data-id=\"8f73a4e\" data-element_type=\"widget\" data-widget_type=\"heading.default\">\n\t\t\t\t<div class=\"elementor-widget-container\">\n\t\t\t<h2 class=\"elementor-heading-title elementor-size-default\">Vorteile<\/h2>\t\t<\/div>\n\t\t\t\t<\/div>\n\t\t\t\t<div class=\"elementor-element elementor-element-28c27be elementor-widget elementor-widget-spacer\" data-id=\"28c27be\" data-element_type=\"widget\" data-widget_type=\"spacer.default\">\n\t\t\t\t<div class=\"elementor-widget-container\">\n\t\t\t\t\t<div class=\"elementor-spacer\">\n\t\t\t<div class=\"elementor-spacer-inner\"><\/div>\n\t\t<\/div>\n\t\t\t\t<\/div>\n\t\t\t\t<\/div>\n\t\t\t\t<div class=\"elementor-element elementor-element-d558826 elementor-widget elementor-widget-text-editor\" data-id=\"d558826\" data-element_type=\"widget\" data-widget_type=\"text-editor.default\">\n\t\t\t\t<div class=\"elementor-widget-container\">\n\t\t\t\t\t\t\t<p>Jede Technik bietet je nach den Bed\u00fcrfnissen des Einzelnen und dem Grad des Haarausfalls unterschiedliche Vorteile. In unserer Klinik f\u00fchren unsere erfahrenen Haartransplantationsspezialisten eine detaillierte Untersuchung durch, um den f\u00fcr Sie am besten geeigneten Behandlungsplan zu ermitteln.<\/p>\t\t\t\t\t\t<\/div>\n\t\t\t\t<\/div>\n\t\t\t\t\t<\/div>\n\t\t<\/div>\n\t\t\t\t\t<\/div>\n\t\t<\/section>\n\t\t\t\t<\/div>","protected":false},"excerpt":{"rendered":"<p>Die Haartransplantation ist eine moderne Methode, um das Problem des Haarausfalls zu l\u00f6sen und nat\u00fcrlich aussehendes Haar zu erhalten. Als Klinik bieten wir die f\u00fcr die Bed\u00fcrfnisse jedes Einzelnen am besten geeignete L\u00f6sung an, indem wir die Haartransplantation mit verschiedenen Techniken durchf\u00fchren. Hier sind die am h\u00e4ufigsten verwendeten Haartransplantationstechniken: Informationen abrufen FUE (Follicular Unit Extraction) Bei dieser Methode werden die Haarfollikel einzeln entnommen und in den Bereich des Haarausfalls verpflanzt. Bei der FUE-Technik werden die Haarfollikel mit Hilfe von mikroskopischen L\u00f6chern aus dem Spenderbereich entnommen und im Zielbereich platziert. Diese Technik ist minimalinvasiv, und die M\u00f6glichkeit der Narbenbildung ist sehr gering. FUT (Follicular Unit Transplantation) Bei der FUT-Technik wird ein Streifen der Kopfhaut aus dem Spenderbereich entnommen, die Haarfollikel in diesem Streifen werden abgetrennt und in den kahlen Bereich transplantiert. Bei dieser Methode k\u00f6nnen in der Regel mehr Haarfollikel verpflanzt werden, es kann jedoch eine kleine Narbe zur\u00fcckbleiben. DHI (Direkte Haarimplantation) Mit DHI k\u00f6nnen Haarfollikel direkt in das Zielgebiet implantiert werden. Bei dieser Technik werden die Haarfollikel mithilfe eines speziellen Ger\u00e4ts direkt in den kahlen Bereich eingesetzt. Diese Methode ist sehr wirksam, um ein nat\u00fcrliches Aussehen zu erzielen, und der Heilungsprozess verl\u00e4uft in der Regel schnell. Erstellen Sie Ihren Behandlungsplan! Sie k\u00f6nnen mit uns Kontakt aufnehmen, indem Sie das Formular f\u00fcr die Vorabanfrage ausf\u00fcllen. Informationen abrufen Sapphire FUE Sapphire FUE ist eine Variante der Standard-FUE-Technik. Die bei der Transplantation der Haarfollikel verwendeten Klingen sind aus Saphir. Mit diesen Klingen k\u00f6nnen feinere und pr\u00e4zisere Schnitte gemacht werden, wodurch der Heilungsprozess beschleunigt wird und ein nat\u00fcrlicheres Ergebnis erzielt wird. Vorteile Jede Technik bietet je nach den Bed\u00fcrfnissen des Einzelnen und dem Grad des Haarausfalls unterschiedliche Vorteile. In unserer Klinik f\u00fchren unsere erfahrenen Haartransplantationsspezialisten eine detaillierte Untersuchung durch, um den f\u00fcr Sie am besten geeigneten Behandlungsplan zu ermitteln.<\/p>","protected":false},"author":1,"featured_media":0,"parent":0,"menu_order":0,"comment_status":"closed","ping_status":"closed","template":"","meta":{"footnotes":""},"class_list":["post-25672","page","type-page","status-publish","hentry"],"aioseo_notices":[],"_links":{"self":[{"href":"https:\/\/drebrualemdar.com\/de\/wp-json\/wp\/v2\/pages\/25672","targetHints":{"allow":["GET"]}}],"collection":[{"href":"https:\/\/drebrualemdar.com\/de\/wp-json\/wp\/v2\/pages"}],"about":[{"href":"https:\/\/drebrualemdar.com\/de\/wp-json\/wp\/v2\/types\/page"}],"author":[{"embeddable":true,"href":"https:\/\/drebrualemdar.com\/de\/wp-json\/wp\/v2\/users\/1"}],"replies":[{"embeddable":true,"href":"https:\/\/drebrualemdar.com\/de\/wp-json\/wp\/v2\/comments?post=25672"}],"version-history":[{"count":4,"href":"https:\/\/drebrualemdar.com\/de\/wp-json\/wp\/v2\/pages\/25672\/revisions"}],"predecessor-version":[{"id":26195,"href":"https:\/\/drebrualemdar.com\/de\/wp-json\/wp\/v2\/pages\/25672\/revisions\/26195"}],"wp:attachment":[{"href":"https:\/\/drebrualemdar.com\/de\/wp-json\/wp\/v2\/media?parent=25672"}],"curies":[{"name":"wp","href":"https:\/\/api.w.org\/{rel}","templated":true}]}}