{"id":25910,"date":"2024-09-20T16:38:42","date_gmt":"2024-09-20T13:38:42","guid":{"rendered":"https:\/\/drebrualemdar.com\/de\/?page_id=25910"},"modified":"2024-10-21T10:22:26","modified_gmt":"2024-10-21T07:22:26","slug":"dermapen","status":"publish","type":"page","link":"https:\/\/drebrualemdar.com\/de\/dermapen\/","title":{"rendered":"Dermapen"},"content":{"rendered":"<div data-elementor-type=\"wp-page\" data-elementor-id=\"25910\" class=\"elementor elementor-25910\" data-elementor-post-type=\"page\">\n\t\t\t\t\t\t<section class=\"elementor-section elementor-top-section elementor-element elementor-element-c3ef900 elementor-section-full_width elementor-section-stretched elementor-section-height-min-height elementor-section-height-default elementor-section-items-middle wpr-particle-no wpr-jarallax-no wpr-parallax-no wpr-sticky-section-no\" data-id=\"c3ef900\" data-element_type=\"section\" data-settings=\"{&quot;background_background&quot;:&quot;classic&quot;,&quot;stretch_section&quot;:&quot;section-stretched&quot;}\">\n\t\t\t\t\t\t<div class=\"elementor-container elementor-column-gap-default\">\n\t\t\t\t\t<div class=\"elementor-column elementor-col-50 elementor-top-column elementor-element elementor-element-f174b0f\" data-id=\"f174b0f\" data-element_type=\"column\">\n\t\t\t<div class=\"elementor-widget-wrap elementor-element-populated\">\n\t\t\t\t\t\t<div class=\"elementor-element elementor-element-66037ed elementor-widget__width-auto elementor-widget-mobile__width-inherit elementor-widget elementor-widget-heading\" data-id=\"66037ed\" data-element_type=\"widget\" data-widget_type=\"heading.default\">\n\t\t\t\t<div class=\"elementor-widget-container\">\n\t\t\t<style>\/*! elementor - v3.20.0 - 20-03-2024 *\/\n.elementor-heading-title{padding:0;margin:0;line-height:1}.elementor-widget-heading .elementor-heading-title[class*=elementor-size-]>a{color:inherit;font-size:inherit;line-height:inherit}.elementor-widget-heading .elementor-heading-title.elementor-size-small{font-size:15px}.elementor-widget-heading .elementor-heading-title.elementor-size-medium{font-size:19px}.elementor-widget-heading .elementor-heading-title.elementor-size-large{font-size:29px}.elementor-widget-heading .elementor-heading-title.elementor-size-xl{font-size:39px}.elementor-widget-heading .elementor-heading-title.elementor-size-xxl{font-size:59px}<\/style><div class=\"elementor-heading-title elementor-size-default\"><div class=\"aioseo-breadcrumbs\"><span class=\"aioseo-breadcrumb\">\n\tAnasayfa\n<\/span><\/div><\/div>\t\t<\/div>\n\t\t\t\t<\/div>\n\t\t\t\t<div class=\"elementor-element elementor-element-fb7e094 elementor-widget elementor-widget-spacer\" data-id=\"fb7e094\" data-element_type=\"widget\" data-widget_type=\"spacer.default\">\n\t\t\t\t<div class=\"elementor-widget-container\">\n\t\t\t<style>\/*! elementor - v3.20.0 - 20-03-2024 *\/\n.elementor-column .elementor-spacer-inner{height:var(--spacer-size)}.e-con{--container-widget-width:100%}.e-con-inner>.elementor-widget-spacer,.e-con>.elementor-widget-spacer{width:var(--container-widget-width,var(--spacer-size));--align-self:var(--container-widget-align-self,initial);--flex-shrink:0}.e-con-inner>.elementor-widget-spacer>.elementor-widget-container,.e-con>.elementor-widget-spacer>.elementor-widget-container{height:100%;width:100%}.e-con-inner>.elementor-widget-spacer>.elementor-widget-container>.elementor-spacer,.e-con>.elementor-widget-spacer>.elementor-widget-container>.elementor-spacer{height:100%}.e-con-inner>.elementor-widget-spacer>.elementor-widget-container>.elementor-spacer>.elementor-spacer-inner,.e-con>.elementor-widget-spacer>.elementor-widget-container>.elementor-spacer>.elementor-spacer-inner{height:var(--container-widget-height,var(--spacer-size))}.e-con-inner>.elementor-widget-spacer.elementor-widget-empty,.e-con>.elementor-widget-spacer.elementor-widget-empty{position:relative;min-height:22px;min-width:22px}.e-con-inner>.elementor-widget-spacer.elementor-widget-empty .elementor-widget-empty-icon,.e-con>.elementor-widget-spacer.elementor-widget-empty .elementor-widget-empty-icon{position:absolute;top:0;bottom:0;left:0;right:0;margin:auto;padding:0;width:22px;height:22px}<\/style>\t\t<div class=\"elementor-spacer\">\n\t\t\t<div class=\"elementor-spacer-inner\"><\/div>\n\t\t<\/div>\n\t\t\t\t<\/div>\n\t\t\t\t<\/div>\n\t\t\t\t<div class=\"elementor-element elementor-element-3973a2a elementor-widget elementor-widget-spacer\" data-id=\"3973a2a\" data-element_type=\"widget\" data-widget_type=\"spacer.default\">\n\t\t\t\t<div class=\"elementor-widget-container\">\n\t\t\t\t\t<div class=\"elementor-spacer\">\n\t\t\t<div class=\"elementor-spacer-inner\"><\/div>\n\t\t<\/div>\n\t\t\t\t<\/div>\n\t\t\t\t<\/div>\n\t\t\t\t<div class=\"elementor-element elementor-element-f17dff8 elementor-widget elementor-widget-text-editor\" data-id=\"f17dff8\" data-element_type=\"widget\" data-widget_type=\"text-editor.default\">\n\t\t\t\t<div class=\"elementor-widget-container\">\n\t\t\t<style>\/*! elementor - v3.20.0 - 20-03-2024 *\/\n.elementor-widget-text-editor.elementor-drop-cap-view-stacked .elementor-drop-cap{background-color:#69727d;color:#fff}.elementor-widget-text-editor.elementor-drop-cap-view-framed .elementor-drop-cap{color:#69727d;border:3px solid;background-color:transparent}.elementor-widget-text-editor:not(.elementor-drop-cap-view-default) .elementor-drop-cap{margin-top:8px}.elementor-widget-text-editor:not(.elementor-drop-cap-view-default) .elementor-drop-cap-letter{width:1em;height:1em}.elementor-widget-text-editor .elementor-drop-cap{float:left;text-align:center;line-height:1;font-size:50px}.elementor-widget-text-editor .elementor-drop-cap-letter{display:inline-block}<\/style>\t\t\t\t<p>Dermapen ist eine auf der Micro-Needling-Methode basierende Behandlungsform, die den Selbsterneuerungsprozess der Haut anregt. Das Dermapen-Ger\u00e4t, das Mikrokan\u00e4le auf der Hautoberfl\u00e4che erzeugt, aktiviert die Reparaturmechanismen der Haut und erh\u00f6ht die Kollagenproduktion auf nat\u00fcrliche Weise. Nach der Behandlung erh\u00e4lt die Haut ein glatteres, lebendigeres und j\u00fcngeres Aussehen.<\/p>\t\t\t\t\t\t<\/div>\n\t\t\t\t<\/div>\n\t\t\t\t<div class=\"elementor-element elementor-element-b1bae90 elementor-widget elementor-widget-spacer\" data-id=\"b1bae90\" data-element_type=\"widget\" data-widget_type=\"spacer.default\">\n\t\t\t\t<div class=\"elementor-widget-container\">\n\t\t\t\t\t<div class=\"elementor-spacer\">\n\t\t\t<div class=\"elementor-spacer-inner\"><\/div>\n\t\t<\/div>\n\t\t\t\t<\/div>\n\t\t\t\t<\/div>\n\t\t\t\t<div class=\"elementor-element elementor-element-a963e5b elementor-widget elementor-widget-ld_button\" data-id=\"a963e5b\" data-element_type=\"widget\" data-widget_type=\"ld_button.default\">\n\t\t\t\t<div class=\"elementor-widget-container\">\n\t\t\t\n\t\t\t<a\n\t\t\t\thref=\"https:\/\/drebrualemdar.com\/de\/kontakt#form\"class=\"elementor-button btn btn-solid btn-icon-right btn-has-label\"\t\t\t>\n\t\t\t\t\t\t\t\t\t<span data-text=\"Informationen abrufen\" class=\"btn-txt\">\n\t\t\t\t\t\tInformationen abrufen\t\t\t\t\t<\/span>\n\t\t\t\t\t\t\t\t\t\t\t\t\t\t<span class=\"btn-icon\">\n\t\t\t\t\t\t\t<i aria-hidden=\"true\" class=\"lqd-icn-ess icon-ion-ios-arrow-forward\"><\/i>\t\t\t\t\t\t<\/span>\n\t\t\t\t\t\t\t\t\t<\/a>\n\t\t\t\t\t<\/div>\n\t\t\t\t<\/div>\n\t\t\t\t\t<\/div>\n\t\t<\/div>\n\t\t\t\t<div class=\"elementor-column elementor-col-50 elementor-top-column elementor-element elementor-element-eed255e\" data-id=\"eed255e\" data-element_type=\"column\" data-settings=\"{&quot;background_background&quot;:&quot;classic&quot;}\">\n\t\t\t<div class=\"elementor-widget-wrap elementor-element-populated\">\n\t\t\t\t\t\t<div class=\"elementor-element elementor-element-81e9a06 elementor-widget elementor-widget-image\" data-id=\"81e9a06\" data-element_type=\"widget\" data-widget_type=\"image.default\">\n\t\t\t\t<div class=\"elementor-widget-container\">\n\t\t\t<style>\/*! elementor - v3.20.0 - 20-03-2024 *\/\n.elementor-widget-image{text-align:center}.elementor-widget-image a{display:inline-block}.elementor-widget-image a img[src$=\".svg\"]{width:48px}.elementor-widget-image img{vertical-align:middle;display:inline-block}<\/style>\t\t\t\t\t\t\t\t\t\t<img fetchpriority=\"high\" decoding=\"async\" width=\"1200\" height=\"1000\" src=\"https:\/\/drebrualemdar.com\/de\/wp-content\/uploads\/2024\/09\/dermapen-1.jpg\" class=\"attachment-full size-full wp-image-25914\" alt=\"\" srcset=\"https:\/\/drebrualemdar.com\/de\/wp-content\/uploads\/2024\/09\/dermapen-1.jpg 1200w,  https:\/\/drebrualemdar.com\/de\/wp-content\/uploads\/2024\/09\/dermapen-1-300x250.jpg 300w,  https:\/\/drebrualemdar.com\/de\/wp-content\/uploads\/2024\/09\/dermapen-1-1024x853.jpg 1024w\" sizes=\"(max-width: 1200px) 100vw, 1200px\" \/>\t\t\t\t\t\t\t\t\t\t\t\t\t<\/div>\n\t\t\t\t<\/div>\n\t\t\t\t\t<\/div>\n\t\t<\/div>\n\t\t\t\t\t<\/div>\n\t\t<\/section>\n\t\t\t\t<section class=\"elementor-section elementor-top-section elementor-element elementor-element-057e6fb elementor-reverse-mobile elementor-section-boxed elementor-section-height-default elementor-section-height-default wpr-particle-no wpr-jarallax-no wpr-parallax-no wpr-sticky-section-no\" data-id=\"057e6fb\" data-element_type=\"section\" data-settings=\"{&quot;background_background&quot;:&quot;classic&quot;}\">\n\t\t\t\t\t\t<div class=\"elementor-container elementor-column-gap-default\">\n\t\t\t\t\t<div class=\"elementor-column elementor-col-100 elementor-top-column elementor-element elementor-element-31ca7f1\" data-id=\"31ca7f1\" data-element_type=\"column\">\n\t\t\t<div class=\"elementor-widget-wrap elementor-element-populated\">\n\t\t\t\t\t\t<div class=\"elementor-element elementor-element-38932d9 elementor-widget elementor-widget-heading\" data-id=\"38932d9\" data-element_type=\"widget\" data-widget_type=\"heading.default\">\n\t\t\t\t<div class=\"elementor-widget-container\">\n\t\t\t<h2 class=\"elementor-heading-title elementor-size-default\">F\u00fcr welche Hautprobleme ist die Dermapen-Behandlung geeignet?<\/h2>\t\t<\/div>\n\t\t\t\t<\/div>\n\t\t\t\t<div class=\"elementor-element elementor-element-2658cbb elementor-widget elementor-widget-spacer\" data-id=\"2658cbb\" data-element_type=\"widget\" data-widget_type=\"spacer.default\">\n\t\t\t\t<div class=\"elementor-widget-container\">\n\t\t\t\t\t<div class=\"elementor-spacer\">\n\t\t\t<div class=\"elementor-spacer-inner\"><\/div>\n\t\t<\/div>\n\t\t\t\t<\/div>\n\t\t\t\t<\/div>\n\t\t\t\t<div class=\"elementor-element elementor-element-804df07 elementor-widget elementor-widget-text-editor\" data-id=\"804df07\" data-element_type=\"widget\" data-widget_type=\"text-editor.default\">\n\t\t\t\t<div class=\"elementor-widget-container\">\n\t\t\t\t\t\t\t<p>Diese Behandlung ist sehr wirksam bei Problemen wie feinen Linien und Falten, Akne und Aknenarben, vergr\u00f6\u00dferten Poren, Hautunreinheiten und ungleichm\u00e4\u00dfigem Hautton. Gleichzeitig hilft sie der Haut, sich zu straffen und ihre Elastizit\u00e4t wiederzuerlangen. Dermapen hat eine Tiefenwirkung, da es bis in die unteren Hautschichten vordringt, wodurch in kurzer Zeit sichtbare Verbesserungen erzielt werden k\u00f6nnen.<\/p>\t\t\t\t\t\t<\/div>\n\t\t\t\t<\/div>\n\t\t\t\t<div class=\"elementor-element elementor-element-1390ba8 elementor-widget elementor-widget-spacer\" data-id=\"1390ba8\" data-element_type=\"widget\" data-widget_type=\"spacer.default\">\n\t\t\t\t<div class=\"elementor-widget-container\">\n\t\t\t\t\t<div class=\"elementor-spacer\">\n\t\t\t<div class=\"elementor-spacer-inner\"><\/div>\n\t\t<\/div>\n\t\t\t\t<\/div>\n\t\t\t\t<\/div>\n\t\t\t\t<div class=\"elementor-element elementor-element-256d1b7 elementor-widget elementor-widget-heading\" data-id=\"256d1b7\" data-element_type=\"widget\" data-widget_type=\"heading.default\">\n\t\t\t\t<div class=\"elementor-widget-container\">\n\t\t\t<h2 class=\"elementor-heading-title elementor-size-default\">Was ist der Dermapen-Behandlungsprozess?<\/h2>\t\t<\/div>\n\t\t\t\t<\/div>\n\t\t\t\t<div class=\"elementor-element elementor-element-c43208f elementor-widget elementor-widget-spacer\" data-id=\"c43208f\" data-element_type=\"widget\" data-widget_type=\"spacer.default\">\n\t\t\t\t<div class=\"elementor-widget-container\">\n\t\t\t\t\t<div class=\"elementor-spacer\">\n\t\t\t<div class=\"elementor-spacer-inner\"><\/div>\n\t\t<\/div>\n\t\t\t\t<\/div>\n\t\t\t\t<\/div>\n\t\t\t\t<div class=\"elementor-element elementor-element-f987066 elementor-widget elementor-widget-text-editor\" data-id=\"f987066\" data-element_type=\"widget\" data-widget_type=\"text-editor.default\">\n\t\t\t\t<div class=\"elementor-widget-container\">\n\t\t\t\t\t\t\t<p>Bei der Behandlung werden mit sterilen Mikronadeln Mikrokan\u00e4le in die Haut eingebracht, was einen angenehmen Eingriff von etwa 30 bis 45 Minuten darstellt. Die Haut wird in der Regel vor dem Eingriff gereinigt und bei Bedarf wird eine Creme zur \u00f6rtlichen Bet\u00e4ubung aufgetragen. Nach der Behandlung kann eine leichte R\u00f6tung der Haut auftreten, die jedoch nach kurzer Zeit wieder verschwindet. Es ist bekannt, dass die Dermapen-Behandlung bereits nach wenigen Sitzungen sichtbare Ergebnisse liefert und die Erholungszeit recht kurz ist.<\/p>\t\t\t\t\t\t<\/div>\n\t\t\t\t<\/div>\n\t\t\t\t<div class=\"elementor-element elementor-element-9f8a965 elementor-widget elementor-widget-spacer\" data-id=\"9f8a965\" data-element_type=\"widget\" data-widget_type=\"spacer.default\">\n\t\t\t\t<div class=\"elementor-widget-container\">\n\t\t\t\t\t<div class=\"elementor-spacer\">\n\t\t\t<div class=\"elementor-spacer-inner\"><\/div>\n\t\t<\/div>\n\t\t\t\t<\/div>\n\t\t\t\t<\/div>\n\t\t\t\t<div class=\"elementor-element elementor-element-e3f1b96 elementor-widget elementor-widget-heading\" data-id=\"e3f1b96\" data-element_type=\"widget\" data-widget_type=\"heading.default\">\n\t\t\t\t<div class=\"elementor-widget-container\">\n\t\t\t<h2 class=\"elementor-heading-title elementor-size-default\">Was ist nach der Behandlung zu beachten?<\/h2>\t\t<\/div>\n\t\t\t\t<\/div>\n\t\t\t\t<div class=\"elementor-element elementor-element-6652f67 elementor-widget elementor-widget-spacer\" data-id=\"6652f67\" data-element_type=\"widget\" data-widget_type=\"spacer.default\">\n\t\t\t\t<div class=\"elementor-widget-container\">\n\t\t\t\t\t<div class=\"elementor-spacer\">\n\t\t\t<div class=\"elementor-spacer-inner\"><\/div>\n\t\t<\/div>\n\t\t\t\t<\/div>\n\t\t\t\t<\/div>\n\t\t\t\t<div class=\"elementor-element elementor-element-d6875cd elementor-widget elementor-widget-text-editor\" data-id=\"d6875cd\" data-element_type=\"widget\" data-widget_type=\"text-editor.default\">\n\t\t\t\t<div class=\"elementor-widget-container\">\n\t\t\t\t\t\t\t<p>Nach der Behandlung wird die Haut empfindlicher gegen\u00fcber der Sonne, daher ist es sehr wichtig, sich vor der Sonne zu sch\u00fctzen und eine Feuchtigkeitscreme zu verwenden. Am ersten Tag nach der Behandlung sollte auf Make-up verzichtet werden. All diese positiven Ver\u00e4nderungen der Haut sind das Ergebnis eines v\u00f6llig nat\u00fcrlichen Regenerationsprozesses.<\/p>\t\t\t\t\t\t<\/div>\n\t\t\t\t<\/div>\n\t\t\t\t\t<\/div>\n\t\t<\/div>\n\t\t\t\t\t<\/div>\n\t\t<\/section>\n\t\t\t\t<section class=\"elementor-section elementor-top-section elementor-element elementor-element-7de940c elementor-reverse-mobile elementor-section-boxed elementor-section-height-default elementor-section-height-default wpr-particle-no wpr-jarallax-no wpr-parallax-no wpr-sticky-section-no\" data-id=\"7de940c\" data-element_type=\"section\" data-settings=\"{&quot;background_background&quot;:&quot;classic&quot;}\">\n\t\t\t\t\t\t<div class=\"elementor-container elementor-column-gap-default\">\n\t\t\t\t\t<div class=\"elementor-column elementor-col-100 elementor-top-column elementor-element elementor-element-2d0e087\" data-id=\"2d0e087\" data-element_type=\"column\">\n\t\t\t<div class=\"elementor-widget-wrap elementor-element-populated\">\n\t\t\t\t\t\t<div class=\"elementor-element elementor-element-043478a elementor-widget elementor-widget-heading\" data-id=\"043478a\" data-element_type=\"widget\" data-widget_type=\"heading.default\">\n\t\t\t\t<div class=\"elementor-widget-container\">\n\t\t\t<h2 class=\"elementor-heading-title elementor-size-default\">Erstellen Sie Ihren Behandlungsplan!<\/h2>\t\t<\/div>\n\t\t\t\t<\/div>\n\t\t\t\t<div class=\"elementor-element elementor-element-2afa200 elementor-widget elementor-widget-heading\" data-id=\"2afa200\" data-element_type=\"widget\" data-widget_type=\"heading.default\">\n\t\t\t\t<div class=\"elementor-widget-container\">\n\t\t\t<div class=\"elementor-heading-title elementor-size-default\">Sie k\u00f6nnen mit uns Kontakt aufnehmen, indem Sie das Formular f\u00fcr die Vorabanfrage ausf\u00fcllen.<\/div>\t\t<\/div>\n\t\t\t\t<\/div>\n\t\t\t\t<div class=\"elementor-element elementor-element-ab6ea70 elementor-widget elementor-widget-spacer\" data-id=\"ab6ea70\" data-element_type=\"widget\" data-widget_type=\"spacer.default\">\n\t\t\t\t<div class=\"elementor-widget-container\">\n\t\t\t\t\t<div class=\"elementor-spacer\">\n\t\t\t<div class=\"elementor-spacer-inner\"><\/div>\n\t\t<\/div>\n\t\t\t\t<\/div>\n\t\t\t\t<\/div>\n\t\t\t\t<div class=\"elementor-element elementor-element-ccb9849 elementor-align-center elementor-widget elementor-widget-ld_button\" data-id=\"ccb9849\" data-element_type=\"widget\" data-widget_type=\"ld_button.default\">\n\t\t\t\t<div class=\"elementor-widget-container\">\n\t\t\t\n\t\t\t<a\n\t\t\t\thref=\"https:\/\/drebrualemdar.com\/de\/kontakt#form\"class=\"elementor-button btn btn-solid btn-icon-right btn-has-label\"\t\t\t>\n\t\t\t\t\t\t\t\t\t<span data-text=\"Informationen abrufen\" class=\"btn-txt\">\n\t\t\t\t\t\tInformationen abrufen\t\t\t\t\t<\/span>\n\t\t\t\t\t\t\t\t\t\t\t\t\t\t<span class=\"btn-icon\">\n\t\t\t\t\t\t\t<i aria-hidden=\"true\" class=\"lqd-icn-ess icon-ion-ios-arrow-forward\"><\/i>\t\t\t\t\t\t<\/span>\n\t\t\t\t\t\t\t\t\t<\/a>\n\t\t\t\t\t<\/div>\n\t\t\t\t<\/div>\n\t\t\t\t\t<\/div>\n\t\t<\/div>\n\t\t\t\t\t<\/div>\n\t\t<\/section>\n\t\t\t\t<section class=\"elementor-section elementor-top-section elementor-element elementor-element-84b32e1 elementor-section-boxed elementor-section-height-default elementor-section-height-default wpr-particle-no wpr-jarallax-no wpr-parallax-no wpr-sticky-section-no\" data-id=\"84b32e1\" data-element_type=\"section\" data-settings=\"{&quot;background_background&quot;:&quot;classic&quot;}\">\n\t\t\t\t\t\t<div class=\"elementor-container elementor-column-gap-default\">\n\t\t\t\t\t<div class=\"elementor-column elementor-col-50 elementor-top-column elementor-element elementor-element-49b2339\" data-id=\"49b2339\" data-element_type=\"column\">\n\t\t\t<div class=\"elementor-widget-wrap elementor-element-populated\">\n\t\t\t\t\t\t<div class=\"elementor-element elementor-element-f9f9362 elementor-widget elementor-widget-image\" data-id=\"f9f9362\" data-element_type=\"widget\" data-widget_type=\"image.default\">\n\t\t\t\t<div class=\"elementor-widget-container\">\n\t\t\t\t\t\t\t\t\t\t\t\t\t<img decoding=\"async\" width=\"1024\" height=\"1245\" src=\"https:\/\/drebrualemdar.com\/de\/wp-content\/uploads\/2024\/09\/dermapen-2.jpg\" class=\"attachment-full size-full wp-image-25915\" alt=\"\" srcset=\"https:\/\/drebrualemdar.com\/de\/wp-content\/uploads\/2024\/09\/dermapen-2.jpg 1024w,  https:\/\/drebrualemdar.com\/de\/wp-content\/uploads\/2024\/09\/dermapen-2-247x300.jpg 247w,  https:\/\/drebrualemdar.com\/de\/wp-content\/uploads\/2024\/09\/dermapen-2-842x1024.jpg 842w\" sizes=\"(max-width: 1024px) 100vw, 1024px\" \/>\t\t\t\t\t\t\t\t\t\t\t\t\t<\/div>\n\t\t\t\t<\/div>\n\t\t\t\t\t<\/div>\n\t\t<\/div>\n\t\t\t\t<div class=\"elementor-column elementor-col-50 elementor-top-column elementor-element elementor-element-7ac02dc\" data-id=\"7ac02dc\" data-element_type=\"column\">\n\t\t\t<div class=\"elementor-widget-wrap elementor-element-populated\">\n\t\t\t\t\t\t<div class=\"elementor-element elementor-element-197bcf4 elementor-widget elementor-widget-heading\" data-id=\"197bcf4\" data-element_type=\"widget\" data-widget_type=\"heading.default\">\n\t\t\t\t<div class=\"elementor-widget-container\">\n\t\t\t<h2 class=\"elementor-heading-title elementor-size-default\">F\u00fcr welche Hauttypen ist Dermapen geeignet?<\/h2>\t\t<\/div>\n\t\t\t\t<\/div>\n\t\t\t\t<div class=\"elementor-element elementor-element-48b4ad5 elementor-widget elementor-widget-spacer\" data-id=\"48b4ad5\" data-element_type=\"widget\" data-widget_type=\"spacer.default\">\n\t\t\t\t<div class=\"elementor-widget-container\">\n\t\t\t\t\t<div class=\"elementor-spacer\">\n\t\t\t<div class=\"elementor-spacer-inner\"><\/div>\n\t\t<\/div>\n\t\t\t\t<\/div>\n\t\t\t\t<\/div>\n\t\t\t\t<div class=\"elementor-element elementor-element-1163283 elementor-widget elementor-widget-text-editor\" data-id=\"1163283\" data-element_type=\"widget\" data-widget_type=\"text-editor.default\">\n\t\t\t\t<div class=\"elementor-widget-container\">\n\t\t\t\t\t\t\t<p>Dermapen eignet sich f\u00fcr alle Hauttypen und ist eine Behandlungsmethode, die von allen, die ihre allgemeine Hautgesundheit verbessern wollen, leicht bevorzugt werden kann.<\/p>\t\t\t\t\t\t<\/div>\n\t\t\t\t<\/div>\n\t\t\t\t<div class=\"elementor-element elementor-element-0669410 elementor-widget elementor-widget-spacer\" data-id=\"0669410\" data-element_type=\"widget\" data-widget_type=\"spacer.default\">\n\t\t\t\t<div class=\"elementor-widget-container\">\n\t\t\t\t\t<div class=\"elementor-spacer\">\n\t\t\t<div class=\"elementor-spacer-inner\"><\/div>\n\t\t<\/div>\n\t\t\t\t<\/div>\n\t\t\t\t<\/div>\n\t\t\t\t<div class=\"elementor-element elementor-element-8f73a4e elementor-widget elementor-widget-heading\" data-id=\"8f73a4e\" data-element_type=\"widget\" data-widget_type=\"heading.default\">\n\t\t\t\t<div class=\"elementor-widget-container\">\n\t\t\t<h2 class=\"elementor-heading-title elementor-size-default\">Dermapen Behandlung in unserer Klinik<\/h2>\t\t<\/div>\n\t\t\t\t<\/div>\n\t\t\t\t<div class=\"elementor-element elementor-element-28c27be elementor-widget elementor-widget-spacer\" data-id=\"28c27be\" data-element_type=\"widget\" data-widget_type=\"spacer.default\">\n\t\t\t\t<div class=\"elementor-widget-container\">\n\t\t\t\t\t<div class=\"elementor-spacer\">\n\t\t\t<div class=\"elementor-spacer-inner\"><\/div>\n\t\t<\/div>\n\t\t\t\t<\/div>\n\t\t\t\t<\/div>\n\t\t\t\t<div class=\"elementor-element elementor-element-d558826 elementor-widget elementor-widget-text-editor\" data-id=\"d558826\" data-element_type=\"widget\" data-widget_type=\"text-editor.default\">\n\t\t\t\t<div class=\"elementor-widget-container\">\n\t\t\t\t\t\t\t<p>In unserer Klinik wird die Dermapen-Behandlung von unseren erfahrenen Spezialisten unter Einhaltung der Hygiene- und Sicherheitsstandards durchgef\u00fchrt. Sie k\u00f6nnen sich in unserer Klinik kostenlos beraten lassen, um die Bed\u00fcrfnisse Ihrer Haut zu ermitteln und einen speziellen Behandlungsplan f\u00fcr Sie zu erstellen.<\/p>\t\t\t\t\t\t<\/div>\n\t\t\t\t<\/div>\n\t\t\t\t\t<\/div>\n\t\t<\/div>\n\t\t\t\t\t<\/div>\n\t\t<\/section>\n\t\t\t\t<\/div>","protected":false},"excerpt":{"rendered":"<p>Dermapen ist eine auf der Micro-Needling-Methode basierende Behandlungsform, die den Selbsterneuerungsprozess der Haut anregt. Das Dermapen-Ger\u00e4t, das Mikrokan\u00e4le auf der Hautoberfl\u00e4che erzeugt, aktiviert die Reparaturmechanismen der Haut und erh\u00f6ht die Kollagenproduktion auf nat\u00fcrliche Weise. Nach der Behandlung erh\u00e4lt die Haut ein glatteres, lebendigeres und j\u00fcngeres Aussehen. Informationen abrufen F\u00fcr welche Hautprobleme ist die Dermapen-Behandlung geeignet? Diese Behandlung ist sehr wirksam bei Problemen wie feinen Linien und Falten, Akne und Aknenarben, vergr\u00f6\u00dferten Poren, Hautunreinheiten und ungleichm\u00e4\u00dfigem Hautton. Gleichzeitig hilft sie der Haut, sich zu straffen und ihre Elastizit\u00e4t wiederzuerlangen. Dermapen hat eine Tiefenwirkung, da es bis in die unteren Hautschichten vordringt, wodurch in kurzer Zeit sichtbare Verbesserungen erzielt werden k\u00f6nnen. Was ist der Dermapen-Behandlungsprozess? Bei der Behandlung werden mit sterilen Mikronadeln Mikrokan\u00e4le in die Haut eingebracht, was einen angenehmen Eingriff von etwa 30 bis 45 Minuten darstellt. Die Haut wird in der Regel vor dem Eingriff gereinigt und bei Bedarf wird eine Creme zur \u00f6rtlichen Bet\u00e4ubung aufgetragen. Nach der Behandlung kann eine leichte R\u00f6tung der Haut auftreten, die jedoch nach kurzer Zeit wieder verschwindet. Es ist bekannt, dass die Dermapen-Behandlung bereits nach wenigen Sitzungen sichtbare Ergebnisse liefert und die Erholungszeit recht kurz ist. Was ist nach der Behandlung zu beachten? Nach der Behandlung wird die Haut empfindlicher gegen\u00fcber der Sonne, daher ist es sehr wichtig, sich vor der Sonne zu sch\u00fctzen und eine Feuchtigkeitscreme zu verwenden. Am ersten Tag nach der Behandlung sollte auf Make-up verzichtet werden. All diese positiven Ver\u00e4nderungen der Haut sind das Ergebnis eines v\u00f6llig nat\u00fcrlichen Regenerationsprozesses. Erstellen Sie Ihren Behandlungsplan! Sie k\u00f6nnen mit uns Kontakt aufnehmen, indem Sie das Formular f\u00fcr die Vorabanfrage ausf\u00fcllen. Informationen abrufen F\u00fcr welche Hauttypen ist Dermapen geeignet? Dermapen eignet sich f\u00fcr alle Hauttypen und ist eine Behandlungsmethode, die von allen, die ihre allgemeine Hautgesundheit verbessern wollen, leicht bevorzugt werden kann. Dermapen Behandlung in unserer Klinik In unserer Klinik wird die Dermapen-Behandlung von unseren erfahrenen Spezialisten unter Einhaltung der Hygiene- und Sicherheitsstandards durchgef\u00fchrt. Sie k\u00f6nnen sich in unserer Klinik kostenlos beraten lassen, um die Bed\u00fcrfnisse Ihrer Haut zu ermitteln und einen speziellen Behandlungsplan f\u00fcr Sie zu erstellen.<\/p>","protected":false},"author":1,"featured_media":0,"parent":0,"menu_order":0,"comment_status":"closed","ping_status":"closed","template":"","meta":{"footnotes":""},"class_list":["post-25910","page","type-page","status-publish","hentry"],"aioseo_notices":[],"_links":{"self":[{"href":"https:\/\/drebrualemdar.com\/de\/wp-json\/wp\/v2\/pages\/25910","targetHints":{"allow":["GET"]}}],"collection":[{"href":"https:\/\/drebrualemdar.com\/de\/wp-json\/wp\/v2\/pages"}],"about":[{"href":"https:\/\/drebrualemdar.com\/de\/wp-json\/wp\/v2\/types\/page"}],"author":[{"embeddable":true,"href":"https:\/\/drebrualemdar.com\/de\/wp-json\/wp\/v2\/users\/1"}],"replies":[{"embeddable":true,"href":"https:\/\/drebrualemdar.com\/de\/wp-json\/wp\/v2\/comments?post=25910"}],"version-history":[{"count":3,"href":"https:\/\/drebrualemdar.com\/de\/wp-json\/wp\/v2\/pages\/25910\/revisions"}],"predecessor-version":[{"id":26155,"href":"https:\/\/drebrualemdar.com\/de\/wp-json\/wp\/v2\/pages\/25910\/revisions\/26155"}],"wp:attachment":[{"href":"https:\/\/drebrualemdar.com\/de\/wp-json\/wp\/v2\/media?parent=25910"}],"curies":[{"name":"wp","href":"https:\/\/api.w.org\/{rel}","templated":true}]}}